{"id":585,"date":"2026-02-15T17:46:07","date_gmt":"2026-02-15T16:46:07","guid":{"rendered":"https:\/\/nautia.fr\/?page_id=585"},"modified":"2026-02-17T14:01:03","modified_gmt":"2026-02-17T13:01:03","slug":"mentions-legales","status":"publish","type":"page","link":"https:\/\/nautia.fr\/index.php\/mentions-legales\/","title":{"rendered":"Mentions l\u00e9gales"},"content":{"rendered":"\n<p>Nautia est une entreprise SAS, soci\u00e9t\u00e9 par actions simplifi\u00e9e&nbsp;<\/p>\n\n\n\n<p><strong>Si\u00e8ge social<\/strong>:<\/p>\n\n\n\n<p>Nautia, M4 Technoports<br>Grand Port Maritime de Bordeaux&nbsp;<br>152 Quai de Bacalan&nbsp; \u2013 CS 41320<br>33082 BORDEAUX CEDEX<\/p>\n\n\n\n<p><strong>Email<\/strong>: <a href=\"mailto:contact@nautia.fr\">contact@nautia.fr<\/a><\/p>\n\n\n\n<p><strong>RCS<\/strong>:\u00a0939 650 735 R.C.S. Bordeaux<br><strong>TVA Intra-communautaire<\/strong> : FR06939650735<br><strong>Capital<\/strong> : 20 000,00 euros<br><strong>Directeur de la publication<\/strong>: Camille Negrevergne<\/p>\n\n\n\n<p>\u2014<\/p>\n\n\n\n<p><strong>H\u00e9bergeur du site web<\/strong>:&nbsp;<\/p>\n\n\n\n<p>OVH RCS Roubaix \u2013 Tourcoing 424 761 419 00045 Code APE 6202A<br>N\u00b0 TVA : FR 22 424 761 419<br>Si\u00e8ge social : 2 rue Kellermann &#8211; 59100 Roubaix &#8211; France<\/p>\n","protected":false},"excerpt":{"rendered":"<p>Nautia est une entreprise SAS, soci\u00e9t\u00e9 par actions simplifi\u00e9e&nbsp; Si\u00e8ge social: Nautia, M4 TechnoportsGrand Port Maritime de Bordeaux&nbsp;152 Quai de Bacalan&nbsp; \u2013 CS 4132033082 BORDEAUX CEDEX Email: contact@nautia.fr RCS:\u00a0939 650 735 R.C.S. BordeauxTVA Intra-communautaire : FR06939650735Capital : 20 000,00 eurosDirecteur de la publication: Camille Negrevergne \u2014 H\u00e9bergeur du site web:&nbsp; OVH RCS Roubaix \u2013 Tourcoing <a class=\"read-more\" href=\"https:\/\/nautia.fr\/index.php\/mentions-legales\/\">READ MORE<\/a><\/p>\n","protected":false},"author":1,"featured_media":0,"parent":0,"menu_order":0,"comment_status":"closed","ping_status":"closed","template":"","meta":{"footnotes":""},"class_list":["post-585","page","type-page","status-publish","hentry"],"_links":{"self":[{"href":"https:\/\/nautia.fr\/index.php\/wp-json\/wp\/v2\/pages\/585","targetHints":{"allow":["GET"]}}],"collection":[{"href":"https:\/\/nautia.fr\/index.php\/wp-json\/wp\/v2\/pages"}],"about":[{"href":"https:\/\/nautia.fr\/index.php\/wp-json\/wp\/v2\/types\/page"}],"author":[{"embeddable":true,"href":"https:\/\/nautia.fr\/index.php\/wp-json\/wp\/v2\/users\/1"}],"replies":[{"embeddable":true,"href":"https:\/\/nautia.fr\/index.php\/wp-json\/wp\/v2\/comments?post=585"}],"version-history":[{"count":5,"href":"https:\/\/nautia.fr\/index.php\/wp-json\/wp\/v2\/pages\/585\/revisions"}],"predecessor-version":[{"id":599,"href":"https:\/\/nautia.fr\/index.php\/wp-json\/wp\/v2\/pages\/585\/revisions\/599"}],"wp:attachment":[{"href":"https:\/\/nautia.fr\/index.php\/wp-json\/wp\/v2\/media?parent=585"}],"curies":[{"name":"wp","href":"https:\/\/api.w.org\/{rel}","templated":true}]}}