{"id":430,"date":"2026-02-02T16:07:43","date_gmt":"2026-02-02T15:07:43","guid":{"rendered":"https:\/\/nautia.fr\/?page_id=430"},"modified":"2026-02-11T15:39:15","modified_gmt":"2026-02-11T14:39:15","slug":"qui-sommes-nous-2","status":"publish","type":"page","link":"https:\/\/nautia.fr\/index.php\/qui-sommes-nous-2\/","title":{"rendered":"Qui sommes-nous ?"},"content":{"rendered":"\n<h2 class=\"wp-block-heading\">Une \u00e9quipe \u00e0 l\u2019interface entre mer et science<\/h2>\n\n\n\n<p>Nautia est fond\u00e9e par&nbsp;Camille et Benjamin Negrevergne, deux fr\u00e8res docteurs en physique et en informatique, sp\u00e9cialistes de la simulation, du contr\u00f4le-commande et de l\u2019intelligence artificielle, partageant une passion commune pour la navigation et la course au large.<\/p>\n\n\n\n<p>Le projet s\u2019inscrit dans un \u00e9cosyst\u00e8me scientifique de premier plan, au c\u0153ur du tissu deep-tech bordelais, en lien avec des laboratoires de recherche et des partenaires industriels.<\/p>\n\n\n\n<div class=\"wp-block-columns is-layout-flex wp-container-core-columns-is-layout-9d6595d7 wp-block-columns-is-layout-flex\">\n<div class=\"wp-block-column is-layout-flow wp-block-column-is-layout-flow\"><div class=\"wp-block-image is-style-rounded\">\n<figure class=\"aligncenter size-full is-resized\"><img loading=\"lazy\" decoding=\"async\" width=\"1007\" height=\"1152\" src=\"https:\/\/nautia.fr\/wp-content\/uploads\/2025\/06\/camille-scaled-e1748856009331.jpg\" alt=\"\" class=\"wp-image-386\" style=\"width:125px;height:auto\" srcset=\"https:\/\/nautia.fr\/wp-content\/uploads\/2025\/06\/camille-scaled-e1748856009331.jpg 1007w, https:\/\/nautia.fr\/wp-content\/uploads\/2025\/06\/camille-scaled-e1748856009331-262x300.jpg 262w, https:\/\/nautia.fr\/wp-content\/uploads\/2025\/06\/camille-scaled-e1748856009331-895x1024.jpg 895w, https:\/\/nautia.fr\/wp-content\/uploads\/2025\/06\/camille-scaled-e1748856009331-768x879.jpg 768w\" sizes=\"auto, (max-width: 1007px) 100vw, 1007px\" \/><\/figure>\n<\/div>\n\n\n<h5 class=\"wp-block-heading has-text-align-center\" style=\"font-size:18px\">Camille Negrevergne, pr\u00e9sident<\/h5>\n\n\n\n<p class=\"has-text-align-center has-text-color\" style=\"color:#999999;font-size:14px\">Docteur en Physique, ing\u00e9nieur en simulation et apprentissage par renforcement, Il a exerc\u00e9 12 ans chez A\u00e9rodrones\/<a href=\"https:\/\/air-marine.fr\/\">Air-<\/a><a href=\"https:\/\/air-marine.fr\/\" target=\"_blank\" rel=\"noreferrer noopener\">Marine<\/a><\/p>\n\n\n\n<div style=\"height:25px\" aria-hidden=\"true\" class=\"wp-block-spacer\"><\/div>\n<\/div>\n\n\n\n<div class=\"wp-block-column is-layout-flow wp-block-column-is-layout-flow\"><div class=\"wp-block-image is-style-rounded\">\n<figure class=\"aligncenter size-full\"><img loading=\"lazy\" decoding=\"async\" width=\"143\" height=\"143\" src=\"https:\/\/nautia.fr\/wp-content\/uploads\/2024\/02\/ben.webp\" alt=\"\" class=\"wp-image-46\"\/><\/figure>\n<\/div>\n\n\n<h5 class=\"wp-block-heading has-text-align-center\" style=\"font-size:18px\">Benjamin Negrevergne, associ\u00e9<\/h5>\n\n\n\n<p class=\"has-text-align-center has-text-color\" style=\"color:#999999;font-size:14px\">Docteur en informatique, expert en Intelligence Artificielle, apprentissage par renforcement, au <a href=\"https:\/\/www.lamsade.dauphine.fr\/\">Lamsade<\/a>, le laboratoire d&rsquo;informatique de l&rsquo;Universit\u00e9 <a href=\"https:\/\/dauphine.psl.eu\/\" target=\"_blank\" rel=\"noreferrer noopener\">PSL &#8212; Paris Dauphine<\/a>.<\/p>\n\n\n\n<div style=\"height:25px\" aria-hidden=\"true\" class=\"wp-block-spacer\"><\/div>\n<\/div>\n<\/div>\n\n\n\n<h2 class=\"wp-block-heading\">Contact<\/h2>\n\n\n\n<p>Pour toute question, demande d\u2019information ou proposition de collaboration,<br>n\u2019h\u00e9sitez pas \u00e0 nous contacter par email :<\/p>\n\n\n\n<p>contact@nautia.fr<\/p>\n\n\n\n<h2 class=\"wp-block-heading\">Adresse postale<\/h2>\n\n\n\n<p>Courrier uniquement \u2013 pas de bureau d\u2019accueil.<\/p>\n\n\n\n<p>Nautia, M4 Technoports<br>Grand Port Maritime de Bordeaux <br>152 Quai de Bacalan &nbsp;\u2013 CS 41320<br>33082 BORDEAUX CEDEX<\/p>\n\n\n\n<h1 class=\"wp-block-heading\">Embarquez \u00e0 bord<\/h1>\n\n\n\n<p>Nous sommes \u00e0 la recherche d\u2019ing\u00e9nieur\u00b7es en alternance, dans les domaines de l\u2019IA et de la simulation physique. Si vous \u00eates int\u00e9ress\u00e9\u00b7es n\u2019h\u00e9sitez pas \u00e0 nous&nbsp;<a href=\"mailto:contact@nautia.fr\">contacter<\/a>.<\/p>\n","protected":false},"excerpt":{"rendered":"<p>Une \u00e9quipe \u00e0 l\u2019interface entre mer et science Nautia est fond\u00e9e par&nbsp;Camille et Benjamin Negrevergne, deux fr\u00e8res docteurs en physique et en informatique, sp\u00e9cialistes de la simulation, du contr\u00f4le-commande et de l\u2019intelligence artificielle, partageant une passion commune pour la navigation et la course au large. Le projet s\u2019inscrit dans un \u00e9cosyst\u00e8me scientifique de premier plan, <a class=\"read-more\" href=\"https:\/\/nautia.fr\/index.php\/qui-sommes-nous-2\/\">READ MORE<\/a><\/p>\n","protected":false},"author":1,"featured_media":0,"parent":0,"menu_order":0,"comment_status":"closed","ping_status":"closed","template":"","meta":{"footnotes":""},"class_list":["post-430","page","type-page","status-publish","hentry"],"_links":{"self":[{"href":"https:\/\/nautia.fr\/index.php\/wp-json\/wp\/v2\/pages\/430","targetHints":{"allow":["GET"]}}],"collection":[{"href":"https:\/\/nautia.fr\/index.php\/wp-json\/wp\/v2\/pages"}],"about":[{"href":"https:\/\/nautia.fr\/index.php\/wp-json\/wp\/v2\/types\/page"}],"author":[{"embeddable":true,"href":"https:\/\/nautia.fr\/index.php\/wp-json\/wp\/v2\/users\/1"}],"replies":[{"embeddable":true,"href":"https:\/\/nautia.fr\/index.php\/wp-json\/wp\/v2\/comments?post=430"}],"version-history":[{"count":7,"href":"https:\/\/nautia.fr\/index.php\/wp-json\/wp\/v2\/pages\/430\/revisions"}],"predecessor-version":[{"id":583,"href":"https:\/\/nautia.fr\/index.php\/wp-json\/wp\/v2\/pages\/430\/revisions\/583"}],"wp:attachment":[{"href":"https:\/\/nautia.fr\/index.php\/wp-json\/wp\/v2\/media?parent=430"}],"curies":[{"name":"wp","href":"https:\/\/api.w.org\/{rel}","templated":true}]}}