{"id":417,"date":"2026-02-02T15:54:59","date_gmt":"2026-02-02T14:54:59","guid":{"rendered":"https:\/\/nautia.fr\/?page_id=417"},"modified":"2026-02-11T15:32:24","modified_gmt":"2026-02-11T14:32:24","slug":"mission-vision","status":"publish","type":"page","link":"https:\/\/nautia.fr\/index.php\/mission-vision\/","title":{"rendered":"Mission &amp; Vision"},"content":{"rendered":"\n<h2 class=\"wp-block-heading\">Repousser les limites des performances en mer<\/h2>\n\n\n\n<p>Le projet&nbsp;Nautia&nbsp;vise \u00e0&nbsp;entra\u00eener des&nbsp;agents IA pour&nbsp;piloter des bateaux de mani\u00e8re efficace, performante et adapt\u00e9e \u00e0 diff\u00e9rents usages, comme par exemple :&nbsp;<\/p>\n\n\n\n<ul class=\"wp-block-list\">\n<li>pour optimiser la vitesse et la stabilit\u00e9 des voiliers de r\u00e9gate,<\/li>\n\n\n\n<li>pour minimiser la consommation \u00e9lectrique du pilote automatique,<\/li>\n\n\n\n<li>pour limiter les efforts structurels sur le bateau,<\/li>\n\n\n\n<li>pour optimiser le confort et le passage dans la mer des voiliers de croisi\u00e8re,<\/li>\n\n\n\n<li>pour minimiser la consommation de carburant des bateaux \u00e0 moteurs.<\/li>\n<\/ul>\n\n\n\n<p><a href=\"https:\/\/nautia.fr\/index.php\/technologie-nautia\/\" data-type=\"page\" data-id=\"433\">Comprendre la technologie d\u00e9velopp\u00e9e par Nautia<\/a><\/p>\n\n\n\n<h2 class=\"wp-block-heading\">La course au large comme laboratoire d\u2019innovation<\/h2>\n\n\n\n<p>La course au large concentre des contraintes uniques : conditions extr\u00eames, recherche permanente de performance, syst\u00e8mes complexes et marges d\u2019erreur minimales.<\/p>\n\n\n\n<p>Nous avons fait le choix d\u2019y ancrer notre R&amp;D, convaincus que :<\/p>\n\n\n\n<ul class=\"wp-block-list\">\n<li>Les solutions d\u00e9velopp\u00e9es pour les environnements les plus exigeants sont celles qui cr\u00e9ent le plus de valeur \u00e0 long terme.<\/li>\n\n\n\n<li>Les \u00e9curies de course au large sont ainsi au c\u0153ur de notre d\u00e9marche, comme partenaires techniques et scientifiques, et non comme simples utilisateurs.<\/li>\n<\/ul>\n\n\n\n<h2 class=\"wp-block-heading\">Une vision au-del\u00e0 de la comp\u00e9tition<\/h2>\n\n\n\n<p>La course constitue un&nbsp;banc d\u2019essai \u00e0 grande \u00e9chelle, qui permet de fiabiliser des technologies appel\u00e9es \u00e0 se diffuser sur l\u2019ensemble des usages maritimes. Si la course au large est notre point de d\u00e9part, notre vision s\u2019inscrit sur un p\u00e9rim\u00e8tre beaucoup plus large, incluant :<\/p>\n\n\n\n<ul class=\"wp-block-list\">\n<li>les super-yachts,<\/li>\n\n\n\n<li>les drones marins,<\/li>\n\n\n\n<li>le transport maritime,<\/li>\n\n\n\n<li>la plaisance.<\/li>\n<\/ul>\n\n\n\n<h2 class=\"wp-block-heading\">L\u2019optimisation de la performance au service de l\u2019environnement<\/h2>\n\n\n\n<p>En mer, l\u2019\u00e9nergie est omnipr\u00e9sente et renouvelable par nature. En offrant des solutions de contr\u00f4le intelligentes, Nautia valorise ces ressources et participe \u00e0 la d\u00e9carbonation des activit\u00e9s qu\u2019elle accompagne. <\/p>\n\n\n\n<p>Les solutions Nautia permettent : <\/p>\n\n\n\n<ul class=\"wp-block-list\">\n<li>de r\u00e9duire la pollution due \u00e0 l\u2019utilisation de carburants fossiles en&nbsp;:\n<ul class=\"wp-block-list\">\n<li>baissant la consommation \u00e9lectrique des pilotes embarqu\u00e9s,<\/li>\n\n\n\n<li>baissant la consommations des bateaux \u00e0 moteur gr\u00e2ce \u00e0 l\u2019optimisation du passage dans la mer,<\/li>\n\n\n\n<li>favorisant l&rsquo;utilisation de foils,<\/li>\n\n\n\n<li>accompagnant la transition du transport de fret maritime vers une propulsion hybride ou 100&nbsp;% v\u00e9lique.<\/li>\n<\/ul>\n<\/li>\n\n\n\n<li>de faciliter les campagnes d\u2019\u00e9tudes oc\u00e9anographiques\u00a0: en am\u00e9liorant la pr\u00e9cision leur syst\u00e8mes de contr\u00f4le, les agents IA embarqu\u00e9s de Nautia pourront en effet augmenter l\u2019efficacit\u00e9 et le champ d\u2019action des drones marins,<\/li>\n<\/ul>\n\n\n\n<p>Nautia s\u2019inscrit dans une vision sobre, durable et utile du num\u00e9rique au service des skippers, des territoires et des entreprises. <\/p>\n\n\n\n<h2 class=\"wp-block-heading\">Pourquoi Nautia maintenant ?<\/h2>\n\n\n\n<p>Le pilotage marin entre aujourd\u2019hui dans une nouvelle phase. La g\u00e9n\u00e9ralisation des capteurs embarqu\u00e9s et des syst\u00e8mes de navigation a fait exploser la quantit\u00e9 de donn\u00e9es disponibles \u00e0 bord, sans que celles-ci soient pleinement exploit\u00e9es par les syst\u00e8mes de pilotage actuels.<\/p>\n\n\n\n<p>Dans le m\u00eame temps, les limites des approches classiques de contr\u00f4le-commande deviennent visibles dans des environnements complexes, variables et fortement non lin\u00e9aires comme le milieu marin.<\/p>\n\n\n\n<p>La maturit\u00e9 r\u00e9cente des techniques d\u2019apprentissage profond, combin\u00e9e \u00e0 des capacit\u00e9s de simulation physique avanc\u00e9es, permet d\u00e9sormais de d\u00e9velopper des strat\u00e9gies de pilotage adaptatives, capables de s\u2019ajuster en temps r\u00e9el aux conditions rencontr\u00e9es.<\/p>\n\n\n\n<p>La course au large, par son niveau d\u2019exigence et sa culture de l\u2019innovation, constitue un terrain d\u2019exp\u00e9rimentation id\u00e9al pour faire \u00e9merger ces nouvelles technologies.<\/p>\n\n\n\n<h2 class=\"wp-block-heading\">Contactez-nous<\/h2>\n\n\n\n<p>Nous serions ravis d\u2019\u00e9changer avec vous et de r\u00e9pondre \u00e0 vos questions, n\u2019h\u00e9sitez pas \u00e0 prendre contact avec nous: contact[@]nautia.fr<\/p>\n\n\n\n<p><\/p>\n","protected":false},"excerpt":{"rendered":"<p>Repousser les limites des performances en mer Le projet&nbsp;Nautia&nbsp;vise \u00e0&nbsp;entra\u00eener des&nbsp;agents IA pour&nbsp;piloter des bateaux de mani\u00e8re efficace, performante et adapt\u00e9e \u00e0 diff\u00e9rents usages, comme par exemple :&nbsp; Comprendre la technologie d\u00e9velopp\u00e9e par Nautia La course au large comme laboratoire d\u2019innovation La course au large concentre des contraintes uniques : conditions extr\u00eames, recherche permanente de <a class=\"read-more\" href=\"https:\/\/nautia.fr\/index.php\/mission-vision\/\">READ MORE<\/a><\/p>\n","protected":false},"author":1,"featured_media":0,"parent":0,"menu_order":0,"comment_status":"closed","ping_status":"closed","template":"","meta":{"footnotes":""},"class_list":["post-417","page","type-page","status-publish","hentry"],"_links":{"self":[{"href":"https:\/\/nautia.fr\/index.php\/wp-json\/wp\/v2\/pages\/417","targetHints":{"allow":["GET"]}}],"collection":[{"href":"https:\/\/nautia.fr\/index.php\/wp-json\/wp\/v2\/pages"}],"about":[{"href":"https:\/\/nautia.fr\/index.php\/wp-json\/wp\/v2\/types\/page"}],"author":[{"embeddable":true,"href":"https:\/\/nautia.fr\/index.php\/wp-json\/wp\/v2\/users\/1"}],"replies":[{"embeddable":true,"href":"https:\/\/nautia.fr\/index.php\/wp-json\/wp\/v2\/comments?post=417"}],"version-history":[{"count":8,"href":"https:\/\/nautia.fr\/index.php\/wp-json\/wp\/v2\/pages\/417\/revisions"}],"predecessor-version":[{"id":578,"href":"https:\/\/nautia.fr\/index.php\/wp-json\/wp\/v2\/pages\/417\/revisions\/578"}],"wp:attachment":[{"href":"https:\/\/nautia.fr\/index.php\/wp-json\/wp\/v2\/media?parent=417"}],"curies":[{"name":"wp","href":"https:\/\/api.w.org\/{rel}","templated":true}]}}